{"id":6514,"date":"2021-05-01T11:56:40","date_gmt":"2021-05-01T11:56:40","guid":{"rendered":"https:\/\/antonvlasenko.com\/3d-projekte-zur-produktvisualisierung\/"},"modified":"2022-07-27T19:54:56","modified_gmt":"2022-07-27T19:54:56","slug":"projekte","status":"publish","type":"page","link":"https:\/\/antonvlasenko.com\/de\/projekte\/","title":{"rendered":"Meine Projekte"},"content":{"rendered":"<p>[et_pb_section fb_built=&#8220;1&#8243; admin_label=&#8220;Blog&#8220; _builder_version=&#8220;4.17.4&#8243; background_color=&#8220;#dfdfdf&#8220; background_image=&#8220;https:\/\/antonvlasenko.com\/wp-content\/uploads\/2020\/11\/gradient4-bg.png&#8220; background_position=&#8220;top_left&#8220; custom_margin=&#8220;0px||0px||false|false&#8220; custom_padding=&#8220;0px||0px||false|false&#8220; global_colors_info=&#8220;{}&#8220;][et_pb_row _builder_version=&#8220;4.17.4&#8243; custom_margin=&#8220;0px||0px||false|false&#8220; custom_padding=&#8220;0px||0px||false|false&#8220; global_colors_info=&#8220;{}&#8220;][et_pb_column type=&#8220;4_4&#8243; _builder_version=&#8220;4.16&#8243; global_colors_info=&#8220;{}&#8220;][et_pb_text _builder_version=&#8220;4.17.4&#8243; _module_preset=&#8220;default&#8220; header_font=&#8220;|||on|||||&#8220; global_colors_info=&#8220;{}&#8220;]<\/p>\n<h1>Projekte<\/h1>\n<h2>Sorgf\u00e4ltig ausgew\u00e4hltes Portfolio meiner Arbeiten, die ich f\u00fcr Kunden weltweit angefertigt habe.<\/h2>\n<p>[\/et_pb_text][et_pb_blog fullwidth=&#8220;off&#8220; excerpt_length=&#8220;50&#8243; show_author=&#8220;off&#8220; show_date=&#8220;off&#8220; show_categories=&#8220;off&#8220; masonry_tile_background_color=&#8220;RGBA(0,0,0,0)&#8220; module_class=&#8220;post-grid-content&#8220; _builder_version=&#8220;4.17.6&#8243; header_font=&#8220;ALS||||||||&#8220; header_text_align=&#8220;left&#8220; header_text_color=&#8220;#000000&#8243; header_font_size=&#8220;36px&#8220; header_line_height=&#8220;130%&#8220; body_font=&#8220;||||||||&#8220; body_text_color=&#8220;#000000&#8243; body_font_size=&#8220;12px&#8220; body_line_height=&#8220;1.8em&#8220; meta_font=&#8220;|600|||||||&#8220; pagination_font=&#8220;||||||||&#8220; pagination_text_color=&#8220;#FF4200&#8243; pagination_font_size=&#8220;16px&#8220; background_color=&#8220;RGBA(0,0,0,0)&#8220; text_orientation=&#8220;left&#8220; custom_css_before=&#8220;margin: 0px!important;||padding: 0px!important;&#8220; custom_css_main_element=&#8220;.column size-1of3 {||width: 30%!important;||margin-right: 10px!important;||}||margin: 0px!important;||padding: 0px!important;&#8220; custom_css_after=&#8220;margin: 0px!important;||padding: 0px!important;&#8220; custom_css_title=&#8220;margin: 0px!important;||padding: 0px!important;&#8220; custom_css_content=&#8220;margin: 0px!important;||padding: 0px!important;&#8220; custom_css_post_meta=&#8220;margin: 0px!important;||padding: 0px!important;&#8220; custom_css_pagenavi=&#8220;margin: 0px!important;||padding: 0px!important;&#8220; custom_css_featured_image=&#8220;box-shadow: none;||margin: 0px;||padding:0px;||\/*margin-bottom: 20px;\t*\/||&#8220; custom_css_read_more=&#8220;margin: 0px!important;||padding: 0px!important;&#8220; border_width_all=&#8220;0px&#8220; border_radii_image=&#8220;on|10px|10px|10px|10px&#8220; global_colors_info=&#8220;{}&#8220; border_radii_image__hover_enabled=&#8220;on|hover&#8220; border_radii_image__hover=&#8220;on||||&#8220;][\/et_pb_blog][\/et_pb_column][\/et_pb_row][\/et_pb_section]<\/p>\n","protected":false},"excerpt":{"rendered":"<p>Projekte Sorgf\u00e4ltig ausgew\u00e4hltes Portfolio meiner Arbeiten, die ich f\u00fcr Kunden weltweit angefertigt habe.<\/p>\n","protected":false},"author":1,"featured_media":6429,"parent":0,"menu_order":0,"comment_status":"closed","ping_status":"closed","template":"","meta":{"_et_pb_use_builder":"on","_et_pb_old_content":"","_et_gb_content_width":"","footnotes":""},"class_list":["post-6514","page","type-page","status-publish","has-post-thumbnail","hentry"],"yoast_head":"<!-- This site is optimized with the Yoast SEO plugin v26.9 - https:\/\/yoast.com\/product\/yoast-seo-wordpress\/ -->\n<title>Meine Projekte - Anton Vlasenko<\/title>\n<meta name=\"description\" content=\"Portfolio mit ausgew\u00e4hlten Projekten von Anton Vlasenko. Beispiele f\u00fcr Produkt-3D-Visualisierungs- und Animationsprojekte f\u00fcr die Kunden.\" \/>\n<meta name=\"robots\" content=\"index, follow, max-snippet:-1, max-image-preview:large, max-video-preview:-1\" \/>\n<link rel=\"canonical\" href=\"https:\/\/antonvlasenko.com\/de\/projekte\/\" \/>\n<meta property=\"og:locale\" content=\"de_DE\" \/>\n<meta property=\"og:type\" content=\"article\" \/>\n<meta property=\"og:title\" content=\"Meine Projekte - Anton Vlasenko\" \/>\n<meta property=\"og:description\" content=\"Portfolio mit ausgew\u00e4hlten Projekten von Anton Vlasenko. Beispiele f\u00fcr Produkt-3D-Visualisierungs- und Animationsprojekte f\u00fcr die Kunden.\" \/>\n<meta property=\"og:url\" content=\"https:\/\/antonvlasenko.com\/de\/projekte\/\" \/>\n<meta property=\"og:site_name\" content=\"Anton Vlasenko\" \/>\n<meta property=\"article:modified_time\" content=\"2022-07-27T19:54:56+00:00\" \/>\n<meta property=\"og:image\" content=\"https:\/\/antonvlasenko.com\/wp-content\/uploads\/2022\/07\/Projects-Anton-Vlasenko-2022-07-09-16-42-25.jpg\" \/>\n\t<meta property=\"og:image:width\" content=\"1440\" \/>\n\t<meta property=\"og:image:height\" content=\"1097\" \/>\n\t<meta property=\"og:image:type\" content=\"image\/jpeg\" \/>\n<meta name=\"twitter:card\" content=\"summary_large_image\" \/>\n<meta name=\"twitter:label1\" content=\"Gesch\u00e4tzte Lesezeit\" \/>\n\t<meta name=\"twitter:data1\" content=\"1\u00a0Minute\" \/>\n<script type=\"application\/ld+json\" class=\"yoast-schema-graph\">{\"@context\":\"https:\/\/schema.org\",\"@graph\":[{\"@type\":\"WebPage\",\"@id\":\"https:\/\/antonvlasenko.com\/de\/projekte\/\",\"url\":\"https:\/\/antonvlasenko.com\/de\/projekte\/\",\"name\":\"Meine Projekte - Anton Vlasenko\",\"isPartOf\":{\"@id\":\"https:\/\/antonvlasenko.com\/de\/#website\"},\"primaryImageOfPage\":{\"@id\":\"https:\/\/antonvlasenko.com\/de\/projekte\/#primaryimage\"},\"image\":{\"@id\":\"https:\/\/antonvlasenko.com\/de\/projekte\/#primaryimage\"},\"thumbnailUrl\":\"https:\/\/antonvlasenko.com\/wp-content\/uploads\/2022\/07\/Projects-Anton-Vlasenko-2022-07-09-16-42-25.jpg\",\"datePublished\":\"2021-05-01T11:56:40+00:00\",\"dateModified\":\"2022-07-27T19:54:56+00:00\",\"description\":\"Portfolio mit ausgew\u00e4hlten Projekten von Anton Vlasenko. Beispiele f\u00fcr Produkt-3D-Visualisierungs- und Animationsprojekte f\u00fcr die Kunden.\",\"breadcrumb\":{\"@id\":\"https:\/\/antonvlasenko.com\/de\/projekte\/#breadcrumb\"},\"inLanguage\":\"de\",\"potentialAction\":[{\"@type\":\"ReadAction\",\"target\":[\"https:\/\/antonvlasenko.com\/de\/projekte\/\"]}]},{\"@type\":\"ImageObject\",\"inLanguage\":\"de\",\"@id\":\"https:\/\/antonvlasenko.com\/de\/projekte\/#primaryimage\",\"url\":\"https:\/\/antonvlasenko.com\/wp-content\/uploads\/2022\/07\/Projects-Anton-Vlasenko-2022-07-09-16-42-25.jpg\",\"contentUrl\":\"https:\/\/antonvlasenko.com\/wp-content\/uploads\/2022\/07\/Projects-Anton-Vlasenko-2022-07-09-16-42-25.jpg\",\"width\":1440,\"height\":1097,\"caption\":\"Portfolio of selected projects made by Anton Vlasenko. Examples for product 3D-visualisation and animation for clients around the globe.\"},{\"@type\":\"BreadcrumbList\",\"@id\":\"https:\/\/antonvlasenko.com\/de\/projekte\/#breadcrumb\",\"itemListElement\":[{\"@type\":\"ListItem\",\"position\":1,\"name\":\"Home\",\"item\":\"https:\/\/antonvlasenko.com\/de\/\"},{\"@type\":\"ListItem\",\"position\":2,\"name\":\"Meine Projekte\"}]},{\"@type\":\"WebSite\",\"@id\":\"https:\/\/antonvlasenko.com\/de\/#website\",\"url\":\"https:\/\/antonvlasenko.com\/de\/\",\"name\":\"Anton Vlasenko\",\"description\":\"3D visualization and animation\",\"publisher\":{\"@id\":\"https:\/\/antonvlasenko.com\/de\/#\/schema\/person\/99be033fec3307126cf633af9bc57d20\"},\"potentialAction\":[{\"@type\":\"SearchAction\",\"target\":{\"@type\":\"EntryPoint\",\"urlTemplate\":\"https:\/\/antonvlasenko.com\/de\/?s={search_term_string}\"},\"query-input\":{\"@type\":\"PropertyValueSpecification\",\"valueRequired\":true,\"valueName\":\"search_term_string\"}}],\"inLanguage\":\"de\"},{\"@type\":[\"Person\",\"Organization\"],\"@id\":\"https:\/\/antonvlasenko.com\/de\/#\/schema\/person\/99be033fec3307126cf633af9bc57d20\",\"name\":\"Anton Vlasenko\",\"image\":{\"@type\":\"ImageObject\",\"inLanguage\":\"de\",\"@id\":\"https:\/\/antonvlasenko.com\/de\/#\/schema\/person\/image\/\",\"url\":\"https:\/\/antonvlasenko.com\/wp-content\/uploads\/2021\/01\/anton-vlasenko-portrait.jpg\",\"contentUrl\":\"https:\/\/antonvlasenko.com\/wp-content\/uploads\/2021\/01\/anton-vlasenko-portrait.jpg\",\"width\":626,\"height\":807,\"caption\":\"Anton Vlasenko\"},\"logo\":{\"@id\":\"https:\/\/antonvlasenko.com\/de\/#\/schema\/person\/image\/\"},\"sameAs\":[\"http:\/\/diamant.graphics\"]}]}<\/script>\n<!-- \/ Yoast SEO plugin. -->","yoast_head_json":{"title":"Meine Projekte - Anton Vlasenko","description":"Portfolio mit ausgew\u00e4hlten Projekten von Anton Vlasenko. Beispiele f\u00fcr Produkt-3D-Visualisierungs- und Animationsprojekte f\u00fcr die Kunden.","robots":{"index":"index","follow":"follow","max-snippet":"max-snippet:-1","max-image-preview":"max-image-preview:large","max-video-preview":"max-video-preview:-1"},"canonical":"https:\/\/antonvlasenko.com\/de\/projekte\/","og_locale":"de_DE","og_type":"article","og_title":"Meine Projekte - Anton Vlasenko","og_description":"Portfolio mit ausgew\u00e4hlten Projekten von Anton Vlasenko. Beispiele f\u00fcr Produkt-3D-Visualisierungs- und Animationsprojekte f\u00fcr die Kunden.","og_url":"https:\/\/antonvlasenko.com\/de\/projekte\/","og_site_name":"Anton Vlasenko","article_modified_time":"2022-07-27T19:54:56+00:00","og_image":[{"width":1440,"height":1097,"url":"https:\/\/antonvlasenko.com\/wp-content\/uploads\/2022\/07\/Projects-Anton-Vlasenko-2022-07-09-16-42-25.jpg","type":"image\/jpeg"}],"twitter_card":"summary_large_image","twitter_misc":{"Gesch\u00e4tzte Lesezeit":"1\u00a0Minute"},"schema":{"@context":"https:\/\/schema.org","@graph":[{"@type":"WebPage","@id":"https:\/\/antonvlasenko.com\/de\/projekte\/","url":"https:\/\/antonvlasenko.com\/de\/projekte\/","name":"Meine Projekte - Anton Vlasenko","isPartOf":{"@id":"https:\/\/antonvlasenko.com\/de\/#website"},"primaryImageOfPage":{"@id":"https:\/\/antonvlasenko.com\/de\/projekte\/#primaryimage"},"image":{"@id":"https:\/\/antonvlasenko.com\/de\/projekte\/#primaryimage"},"thumbnailUrl":"https:\/\/antonvlasenko.com\/wp-content\/uploads\/2022\/07\/Projects-Anton-Vlasenko-2022-07-09-16-42-25.jpg","datePublished":"2021-05-01T11:56:40+00:00","dateModified":"2022-07-27T19:54:56+00:00","description":"Portfolio mit ausgew\u00e4hlten Projekten von Anton Vlasenko. Beispiele f\u00fcr Produkt-3D-Visualisierungs- und Animationsprojekte f\u00fcr die Kunden.","breadcrumb":{"@id":"https:\/\/antonvlasenko.com\/de\/projekte\/#breadcrumb"},"inLanguage":"de","potentialAction":[{"@type":"ReadAction","target":["https:\/\/antonvlasenko.com\/de\/projekte\/"]}]},{"@type":"ImageObject","inLanguage":"de","@id":"https:\/\/antonvlasenko.com\/de\/projekte\/#primaryimage","url":"https:\/\/antonvlasenko.com\/wp-content\/uploads\/2022\/07\/Projects-Anton-Vlasenko-2022-07-09-16-42-25.jpg","contentUrl":"https:\/\/antonvlasenko.com\/wp-content\/uploads\/2022\/07\/Projects-Anton-Vlasenko-2022-07-09-16-42-25.jpg","width":1440,"height":1097,"caption":"Portfolio of selected projects made by Anton Vlasenko. Examples for product 3D-visualisation and animation for clients around the globe."},{"@type":"BreadcrumbList","@id":"https:\/\/antonvlasenko.com\/de\/projekte\/#breadcrumb","itemListElement":[{"@type":"ListItem","position":1,"name":"Home","item":"https:\/\/antonvlasenko.com\/de\/"},{"@type":"ListItem","position":2,"name":"Meine Projekte"}]},{"@type":"WebSite","@id":"https:\/\/antonvlasenko.com\/de\/#website","url":"https:\/\/antonvlasenko.com\/de\/","name":"Anton Vlasenko","description":"3D visualization and animation","publisher":{"@id":"https:\/\/antonvlasenko.com\/de\/#\/schema\/person\/99be033fec3307126cf633af9bc57d20"},"potentialAction":[{"@type":"SearchAction","target":{"@type":"EntryPoint","urlTemplate":"https:\/\/antonvlasenko.com\/de\/?s={search_term_string}"},"query-input":{"@type":"PropertyValueSpecification","valueRequired":true,"valueName":"search_term_string"}}],"inLanguage":"de"},{"@type":["Person","Organization"],"@id":"https:\/\/antonvlasenko.com\/de\/#\/schema\/person\/99be033fec3307126cf633af9bc57d20","name":"Anton Vlasenko","image":{"@type":"ImageObject","inLanguage":"de","@id":"https:\/\/antonvlasenko.com\/de\/#\/schema\/person\/image\/","url":"https:\/\/antonvlasenko.com\/wp-content\/uploads\/2021\/01\/anton-vlasenko-portrait.jpg","contentUrl":"https:\/\/antonvlasenko.com\/wp-content\/uploads\/2021\/01\/anton-vlasenko-portrait.jpg","width":626,"height":807,"caption":"Anton Vlasenko"},"logo":{"@id":"https:\/\/antonvlasenko.com\/de\/#\/schema\/person\/image\/"},"sameAs":["http:\/\/diamant.graphics"]}]}},"_links":{"self":[{"href":"https:\/\/antonvlasenko.com\/de\/wp-json\/wp\/v2\/pages\/6514","targetHints":{"allow":["GET"]}}],"collection":[{"href":"https:\/\/antonvlasenko.com\/de\/wp-json\/wp\/v2\/pages"}],"about":[{"href":"https:\/\/antonvlasenko.com\/de\/wp-json\/wp\/v2\/types\/page"}],"author":[{"embeddable":true,"href":"https:\/\/antonvlasenko.com\/de\/wp-json\/wp\/v2\/users\/1"}],"replies":[{"embeddable":true,"href":"https:\/\/antonvlasenko.com\/de\/wp-json\/wp\/v2\/comments?post=6514"}],"version-history":[{"count":0,"href":"https:\/\/antonvlasenko.com\/de\/wp-json\/wp\/v2\/pages\/6514\/revisions"}],"wp:featuredmedia":[{"embeddable":true,"href":"https:\/\/antonvlasenko.com\/de\/wp-json\/wp\/v2\/media\/6429"}],"wp:attachment":[{"href":"https:\/\/antonvlasenko.com\/de\/wp-json\/wp\/v2\/media?parent=6514"}],"curies":[{"name":"wp","href":"https:\/\/api.w.org\/{rel}","templated":true}]}}